{"id":1064,"date":"2022-11-22T10:22:35","date_gmt":"2022-11-22T09:22:35","guid":{"rendered":"https:\/\/aiguille-percee.com\/spa-wellness\/"},"modified":"2025-07-29T14:43:20","modified_gmt":"2025-07-29T12:43:20","slug":"spa-wellness","status":"publish","type":"page","link":"https:\/\/aiguille-percee.com\/en\/spa-wellness\/","title":{"rendered":"SPA &amp; Wellness"},"content":{"rendered":"\n\n[et_pb_section fb_built=&#8221;1&#8243; _builder_version=&#8221;4.18.0&#8243; _module_preset=&#8221;default&#8221; background_color=&#8221;#F2F2F2&#8243; use_background_color_gradient=&#8221;on&#8221; background_color_gradient_stops=&#8221;rgba(71,71,71,0.16) 0%|rgba(71,71,71,0.16) 100%&#8221; background_image=&#8221;https:\/\/aiguille-percee.com\/wp-content\/uploads\/2022\/12\/PBZ_4378-copy-Aiguille-Percee-\u252c\u00aePascale-Be\u2560uroujon-1-1.jpg&#8221; custom_padding=&#8221;||||true|false&#8221; hover_enabled=&#8221;0&#8243; da_disable_devices=&#8221;off|off|off&#8221; locked=&#8221;off&#8221; global_colors_info=&#8221;{}&#8221; title_text=&#8221;PBZ_4378 copy Aiguille Percee \u252c\u00aePascale Be\u2560\u00fcroujon&#8221; sticky_enabled=&#8221;0&#8243; da_is_popup=&#8221;off&#8221; da_exit_intent=&#8221;off&#8221; da_has_close=&#8221;on&#8221; da_alt_close=&#8221;off&#8221; da_dark_close=&#8221;off&#8221; da_not_modal=&#8221;on&#8221; da_is_singular=&#8221;off&#8221; da_with_loader=&#8221;off&#8221; da_has_shadow=&#8221;on&#8221;][et_pb_row _builder_version=&#8221;4.18.0&#8243; _module_preset=&#8221;default&#8221; global_colors_info=&#8221;{}&#8221;][et_pb_column type=&#8221;4_4&#8243; _builder_version=&#8221;4.18.0&#8243; _module_preset=&#8221;default&#8221; global_colors_info=&#8221;{}&#8221;][et_pb_text admin_label=&#8221;Heading Text&#8221; _builder_version=&#8221;4.18.0&#8243; _module_preset=&#8221;default&#8221; text_text_color=&#8221;#FFFFFF&#8221; header_font=&#8221;Lora|||on|||||&#8221; header_text_color=&#8221;#FFFFFF&#8221; header_font_size=&#8221;0.8em&#8221; header_letter_spacing=&#8221;2px&#8221; header_line_height=&#8221;1.5em&#8221; text_orientation=&#8221;center&#8221; height=&#8221;60vh&#8221; custom_css_main_element=&#8221;font-size: 80px;||display:flex;||justify-content:center;||align-items:center;&#8221; header_text_shadow_style=&#8221;preset1&#8243; header_text_shadow_horizontal_length=&#8221;0.01em&#8221; header_text_shadow_vertical_length=&#8221;0.08em&#8221; header_text_shadow_blur_strength=&#8221;0.17em&#8221; header_text_shadow_color=&#8221;rgba(2,2,2,0.87)&#8221; global_colors_info=&#8221;{}&#8221; custom_css_main_element_last_edited=&#8221;on|phone&#8221; custom_css_main_element_tablet=&#8221;font-size: calc(40px + 40 * (100vw &#8211; 767px)\/213) !important;||display:flex;||justify-content:center;||align-items:center;&#8221; custom_css_main_element_phone=&#8221;font-size: 40px;||display:flex;||justify-content:center;||align-items:center;&#8221;]<h1>Wellness Area<\/h1>[\/et_pb_text][\/et_pb_column][\/et_pb_row][\/et_pb_section][et_pb_section fb_built=&#8221;1&#8243; custom_padding_last_edited=&#8221;on|phone&#8221; _builder_version=&#8221;4.18.0&#8243; _module_preset=&#8221;default&#8221; background_color=&#8221;#731717&#8243; custom_padding=&#8221;8%||0px||false|false&#8221; custom_padding_tablet=&#8221;8%||0px||false|false&#8221; custom_padding_phone=&#8221;8%||8%||false|false&#8221; custom_css_before=&#8221;position:absolute;||content:%22%22;||top:-60px;||right:0;||width:53%;||height:60px;||background-color:#731717;||||&#8221; custom_css_main_element=&#8221;overflow:visible;&#8221; da_disable_devices=&#8221;off|off|off&#8221; locked=&#8221;off&#8221; global_colors_info=&#8221;{}&#8221; da_is_popup=&#8221;off&#8221; da_exit_intent=&#8221;off&#8221; da_has_close=&#8221;on&#8221; da_alt_close=&#8221;off&#8221; da_dark_close=&#8221;off&#8221; da_not_modal=&#8221;on&#8221; da_is_singular=&#8221;off&#8221; da_with_loader=&#8221;off&#8221; da_has_shadow=&#8221;on&#8221;][et_pb_row _builder_version=&#8221;4.18.0&#8243; _module_preset=&#8221;default&#8221; width=&#8221;70%&#8221; width_tablet=&#8221;70%&#8221; width_phone=&#8221;80%&#8221; width_last_edited=&#8221;on|phone&#8221; custom_padding=&#8221;||4%||false|false&#8221; global_colors_info=&#8221;{}&#8221;][et_pb_column type=&#8221;4_4&#8243; _builder_version=&#8221;4.18.0&#8243; _module_preset=&#8221;default&#8221; global_colors_info=&#8221;{}&#8221;][et_pb_text module_class=&#8221;style-h2-white&#8221; _builder_version=&#8221;4.18.0&#8243; _module_preset=&#8221;default&#8221; header_2_font=&#8221;|||on|||||&#8221; header_2_text_color=&#8221;#FFFFFF&#8221; header_2_font_size=&#8221;20px&#8221; header_2_letter_spacing=&#8221;2px&#8221; custom_padding=&#8221;1px|||10px||&#8221; border_color_top=&#8221;#FFFFFF&#8221; global_colors_info=&#8221;{}&#8221;]<h2>Services &amp; Amenities<\/h2>[\/et_pb_text][\/et_pb_column][\/et_pb_row][et_pb_row column_structure=&#8221;1_2,1_2&#8243; use_custom_gutter=&#8221;on&#8221; gutter_width=&#8221;4&#8243; custom_padding_last_edited=&#8221;on|tablet&#8221; _builder_version=&#8221;4.18.0&#8243; _module_preset=&#8221;default&#8221; width=&#8221;70%&#8221; width_tablet=&#8221;70%&#8221; width_phone=&#8221;80%&#8221; width_last_edited=&#8221;on|phone&#8221; custom_margin=&#8221;||||false|false&#8221; custom_padding=&#8221;||0px|10em|false|false&#8221; custom_padding_tablet=&#8221;||0px|0em|false|false&#8221; custom_padding_phone=&#8221;||0px|0em|false|false&#8221; global_colors_info=&#8221;{}&#8221;][et_pb_column type=&#8221;1_2&#8243; _builder_version=&#8221;4.18.0&#8243; _module_preset=&#8221;default&#8221; global_colors_info=&#8221;{}&#8221;][et_pb_text admin_label=&#8221;Heading Text&#8221; _builder_version=&#8221;4.18.0&#8243; _module_preset=&#8221;default&#8221; text_font=&#8221;Lora|||on|||||&#8221; text_text_color=&#8221;#FFFFFF&#8221; text_font_size=&#8221;3vw&#8221; text_letter_spacing=&#8221;7px&#8221; text_line_height=&#8221;1.3em&#8221; header_font=&#8221;Lora||||||||&#8221; header_text_color=&#8221;#FFFFFF&#8221; header_font_size=&#8221;3vw&#8221; header_line_height=&#8221;1.5em&#8221; custom_padding=&#8221;||20px||false|false&#8221; text_font_size_tablet=&#8221;3vw&#8221; text_font_size_phone=&#8221;7vw&#8221; text_font_size_last_edited=&#8221;on|tablet&#8221; header_font_size_tablet=&#8221;&#8221; header_font_size_phone=&#8221;38.35px&#8221; header_font_size_last_edited=&#8221;on|desktop&#8221; global_colors_info=&#8221;{}&#8221;]<p>Wellness AT THE TOP<\/p>[\/et_pb_text][et_pb_text _builder_version=&#8221;4.18.0&#8243; _module_preset=&#8221;default&#8221; text_text_color=&#8221;#FFFFFF&#8221; width=&#8221;500px&#8221; max_width=&#8221;100%&#8221; global_colors_info=&#8221;{}&#8221;]<p>Share moments of serenity within the spa area of l \u201cAiguille Perc\u00e9e, the natural extension of\u201d an unforgettable stay. An indoor pool, sauna, hammam, and relaxation area with lounge chairs will offer you a place to unwind after a good day of skiing or on rainy days.<\/p>\n<p>Want to extend this indulgent experience? We suggest you book a facial or body treatment at the Spa of Hotel Les Campanules, located right next door.<\/p>[\/et_pb_text][\/et_pb_column][et_pb_column type=&#8221;1_2&#8243; _builder_version=&#8221;4.18.0&#8243; _module_preset=&#8221;default&#8221; global_colors_info=&#8221;{}&#8221;][et_pb_image src=&#8221;https:\/\/aiguille-percee.com\/wp-content\/uploads\/2022\/12\/PBZ_4416-Aiguille-Percee-\u252c\u00aePascale-Be\u2560uroujon-.jpg&#8221; alt=&#8221;wellness-area-aiguille-percee&#8221; title_text=&#8221;PBZ_4416 Aiguille Percee \u00aePascale B\u00e9roujon&#8221; align=&#8221;right&#8221; _builder_version=&#8221;4.18.0&#8243; _module_preset=&#8221;default&#8221; positioning=&#8221;relative&#8221; vertical_offset=&#8221;154px&#8221; z_index=&#8221;401&#8243; position_origin_a_tablet=&#8221;&#8221; position_origin_a_phone=&#8221;&#8221; position_origin_a_last_edited=&#8221;on|tablet&#8221; position_origin_f_tablet=&#8221;&#8221; position_origin_f_phone=&#8221;&#8221; position_origin_f_last_edited=&#8221;on|tablet&#8221; position_origin_r_tablet=&#8221;&#8221; position_origin_r_phone=&#8221;&#8221; position_origin_r_last_edited=&#8221;on|tablet&#8221; width=&#8221;100%&#8221; width_tablet=&#8221;80%&#8221; width_phone=&#8221;100%&#8221; width_last_edited=&#8221;on|phone&#8221; custom_margin=&#8221;||||false|false&#8221; custom_padding=&#8221;||||false|false&#8221; hover_enabled=&#8221;0&#8243; positioning_tablet=&#8221;none&#8221; positioning_phone=&#8221;none&#8221; positioning_last_edited=&#8221;on|tablet&#8221; global_colors_info=&#8221;{}&#8221; sticky_enabled=&#8221;0&#8243;][\/et_pb_image][\/et_pb_column][\/et_pb_row][et_pb_row use_custom_gutter=&#8221;on&#8221; gutter_width=&#8221;4&#8243; custom_padding_last_edited=&#8221;on|tablet&#8221; _builder_version=&#8221;4.18.0&#8243; _module_preset=&#8221;default&#8221; transform_scale_tablet=&#8221;&#8221; transform_scale_phone=&#8221;&#8221; transform_scale_last_edited=&#8221;on|phone&#8221; transform_translate=&#8221;0px|20px&#8221; transform_translate_tablet=&#8221;0px|20px&#8221; transform_translate_phone=&#8221;0px|0px&#8221; transform_translate_last_edited=&#8221;on|phone&#8221; transform_translate_linked=&#8221;off&#8221; transform_rotate_tablet=&#8221;&#8221; transform_rotate_phone=&#8221;&#8221; transform_rotate_last_edited=&#8221;on|phone&#8221; transform_skew_tablet=&#8221;&#8221; transform_skew_phone=&#8221;&#8221; transform_skew_last_edited=&#8221;on|phone&#8221; transform_origin_tablet=&#8221;&#8221; transform_origin_phone=&#8221;&#8221; transform_origin_last_edited=&#8221;on|phone&#8221; transform_styles_last_edited=&#8221;on|phone&#8221; z_index=&#8221;252&#8243; width=&#8221;70%&#8221; width_tablet=&#8221;70%&#8221; width_phone=&#8221;80%&#8221; width_last_edited=&#8221;on|phone&#8221; custom_margin=&#8221;||||false|false&#8221; custom_padding=&#8221;3%||0px|0px|false|false&#8221; custom_padding_tablet=&#8221;||0px|0em|false|false&#8221; custom_padding_phone=&#8221;||0px|0em|false|false&#8221; transform_styles_tablet=&#8221;&#8221; transform_styles_phone=&#8221;&#8221; global_colors_info=&#8221;{}&#8221;][et_pb_column type=&#8221;4_4&#8243; _builder_version=&#8221;4.18.0&#8243; _module_preset=&#8221;default&#8221; global_colors_info=&#8221;{}&#8221;][et_pb_image src=&#8221;https:\/\/aiguille-percee.com\/wp-content\/uploads\/2022\/12\/PBZ_4446-copy-Aiguille-Percee-\u252c\u00aePascale-Be\u2560uroujon-1-1.jpg&#8221; alt=&#8221;wellness-area&#8221; title_text=&#8221;PBZ_4446 Copy Aiguille Percee \u00aePascale B\u00e9roujon&#8221; _builder_version=&#8221;4.18.0&#8243; _module_preset=&#8221;default&#8221; global_colors_info=&#8221;{}&#8221;][\/et_pb_image][\/et_pb_column][\/et_pb_row][\/et_pb_section]\n\n","protected":false},"excerpt":{"rendered":"<p>Wellness AreaServices &amp; AmenitiesWellness AT THE TOPShare moments of serenity within the spa area of l \u201cAiguille Perc\u00e9e, the natural extension of\u201d an unforgettable stay. An indoor pool, sauna, hammam, and relaxation area with lounge chairs will offer you a place to unwind after a good day of skiing or on rainy days. Want to [&hellip;]<\/p>\n","protected":false},"author":1,"featured_media":0,"parent":0,"menu_order":0,"comment_status":"closed","ping_status":"closed","template":"","meta":{"_et_pb_use_builder":"on","_et_pb_old_content":"","_et_gb_content_width":"","footnotes":""},"class_list":["post-1064","page","type-page","status-publish","hentry"],"yoast_head":"<!-- This site is optimized with the Yoast SEO plugin v27.4 - https:\/\/yoast.com\/product\/yoast-seo-wordpress\/ -->\n<title>Spa and Wellness at Hotel l&#039;Aiguille Perc\u00e9e<\/title>\n<meta name=\"description\" content=\"The spa area of the hotel l&#039;Aiguille Perc\u00e9e in Tignes le Lac offers a swimming pool, sauna and hammam: ideal for a relaxing moment.\" \/>\n<meta name=\"robots\" content=\"index, follow, max-snippet:-1, max-image-preview:large, max-video-preview:-1\" \/>\n<link rel=\"canonical\" href=\"https:\/\/aiguille-percee.com\/en\/spa-wellness\/\" \/>\n<meta property=\"og:locale\" content=\"en_US\" \/>\n<meta property=\"og:type\" content=\"article\" \/>\n<meta property=\"og:title\" content=\"Spa and Wellness at Hotel l&#039;Aiguille Perc\u00e9e\" \/>\n<meta property=\"og:description\" content=\"The spa area of the hotel l&#039;Aiguille Perc\u00e9e in Tignes le Lac offers a swimming pool, sauna and hammam: ideal for a relaxing moment.\" \/>\n<meta property=\"og:url\" content=\"https:\/\/aiguille-percee.com\/en\/spa-wellness\/\" \/>\n<meta property=\"og:site_name\" content=\"L&#039;Aiguille Perc\u00e9e\" \/>\n<meta property=\"article:modified_time\" content=\"2025-07-29T12:43:20+00:00\" \/>\n<meta name=\"twitter:card\" content=\"summary_large_image\" \/>\n<meta name=\"twitter:label1\" content=\"Est. reading time\" \/>\n\t<meta name=\"twitter:data1\" content=\"5 minutes\" \/>\n<script type=\"application\/ld+json\" class=\"yoast-schema-graph\">{\"@context\":\"https:\\\/\\\/schema.org\",\"@graph\":[{\"@type\":\"WebPage\",\"@id\":\"https:\\\/\\\/aiguille-percee.com\\\/en\\\/spa-wellness\\\/\",\"url\":\"https:\\\/\\\/aiguille-percee.com\\\/en\\\/spa-wellness\\\/\",\"name\":\"Spa and Wellness at Hotel l'Aiguille Perc\u00e9e\",\"isPartOf\":{\"@id\":\"https:\\\/\\\/aiguille-percee.com\\\/en\\\/#website\"},\"datePublished\":\"2022-11-22T09:22:35+00:00\",\"dateModified\":\"2025-07-29T12:43:20+00:00\",\"description\":\"The spa area of the hotel l'Aiguille Perc\u00e9e in Tignes le Lac offers a swimming pool, sauna and hammam: ideal for a relaxing moment.\",\"breadcrumb\":{\"@id\":\"https:\\\/\\\/aiguille-percee.com\\\/en\\\/spa-wellness\\\/#breadcrumb\"},\"inLanguage\":\"en-US\",\"potentialAction\":[{\"@type\":\"ReadAction\",\"target\":[\"https:\\\/\\\/aiguille-percee.com\\\/en\\\/spa-wellness\\\/\"]}]},{\"@type\":\"BreadcrumbList\",\"@id\":\"https:\\\/\\\/aiguille-percee.com\\\/en\\\/spa-wellness\\\/#breadcrumb\",\"itemListElement\":[{\"@type\":\"ListItem\",\"position\":1,\"name\":\"Accueil\",\"item\":\"https:\\\/\\\/aiguille-percee.com\\\/en\\\/home\\\/\"},{\"@type\":\"ListItem\",\"position\":2,\"name\":\"SPA &amp; Wellness\"}]},{\"@type\":\"WebSite\",\"@id\":\"https:\\\/\\\/aiguille-percee.com\\\/en\\\/#website\",\"url\":\"https:\\\/\\\/aiguille-percee.com\\\/en\\\/\",\"name\":\"H\u00f4tel Aiguille Perc\u00e9e\",\"description\":\"H\u00f4tel Restaurant \u00e0 Tignes\",\"publisher\":{\"@id\":\"https:\\\/\\\/aiguille-percee.com\\\/en\\\/#organization\"},\"potentialAction\":[{\"@type\":\"SearchAction\",\"target\":{\"@type\":\"EntryPoint\",\"urlTemplate\":\"https:\\\/\\\/aiguille-percee.com\\\/en\\\/?s={search_term_string}\"},\"query-input\":{\"@type\":\"PropertyValueSpecification\",\"valueRequired\":true,\"valueName\":\"search_term_string\"}}],\"inLanguage\":\"en-US\"},{\"@type\":\"Organization\",\"@id\":\"https:\\\/\\\/aiguille-percee.com\\\/en\\\/#organization\",\"name\":\"H\u00f4tel Aiguille Perc\u00e9e\",\"url\":\"https:\\\/\\\/aiguille-percee.com\\\/en\\\/\",\"logo\":{\"@type\":\"ImageObject\",\"inLanguage\":\"en-US\",\"@id\":\"https:\\\/\\\/aiguille-percee.com\\\/en\\\/#\\\/schema\\\/logo\\\/image\\\/\",\"url\":\"https:\\\/\\\/aiguille-percee.com\\\/wp-content\\\/uploads\\\/2023\\\/01\\\/Logo-Aiguille-Percee.png\",\"contentUrl\":\"https:\\\/\\\/aiguille-percee.com\\\/wp-content\\\/uploads\\\/2023\\\/01\\\/Logo-Aiguille-Percee.png\",\"width\":596,\"height\":332,\"caption\":\"H\u00f4tel Aiguille Perc\u00e9e\"},\"image\":{\"@id\":\"https:\\\/\\\/aiguille-percee.com\\\/en\\\/#\\\/schema\\\/logo\\\/image\\\/\"}}]}<\/script>\n<!-- \/ Yoast SEO plugin. -->","yoast_head_json":{"title":"Spa and Wellness at Hotel l'Aiguille Perc\u00e9e","description":"The spa area of the hotel l'Aiguille Perc\u00e9e in Tignes le Lac offers a swimming pool, sauna and hammam: ideal for a relaxing moment.","robots":{"index":"index","follow":"follow","max-snippet":"max-snippet:-1","max-image-preview":"max-image-preview:large","max-video-preview":"max-video-preview:-1"},"canonical":"https:\/\/aiguille-percee.com\/en\/spa-wellness\/","og_locale":"en_US","og_type":"article","og_title":"Spa and Wellness at Hotel l'Aiguille Perc\u00e9e","og_description":"The spa area of the hotel l'Aiguille Perc\u00e9e in Tignes le Lac offers a swimming pool, sauna and hammam: ideal for a relaxing moment.","og_url":"https:\/\/aiguille-percee.com\/en\/spa-wellness\/","og_site_name":"L&#039;Aiguille Perc\u00e9e","article_modified_time":"2025-07-29T12:43:20+00:00","twitter_card":"summary_large_image","twitter_misc":{"Est. reading time":"5 minutes"},"schema":{"@context":"https:\/\/schema.org","@graph":[{"@type":"WebPage","@id":"https:\/\/aiguille-percee.com\/en\/spa-wellness\/","url":"https:\/\/aiguille-percee.com\/en\/spa-wellness\/","name":"Spa and Wellness at Hotel l'Aiguille Perc\u00e9e","isPartOf":{"@id":"https:\/\/aiguille-percee.com\/en\/#website"},"datePublished":"2022-11-22T09:22:35+00:00","dateModified":"2025-07-29T12:43:20+00:00","description":"The spa area of the hotel l'Aiguille Perc\u00e9e in Tignes le Lac offers a swimming pool, sauna and hammam: ideal for a relaxing moment.","breadcrumb":{"@id":"https:\/\/aiguille-percee.com\/en\/spa-wellness\/#breadcrumb"},"inLanguage":"en-US","potentialAction":[{"@type":"ReadAction","target":["https:\/\/aiguille-percee.com\/en\/spa-wellness\/"]}]},{"@type":"BreadcrumbList","@id":"https:\/\/aiguille-percee.com\/en\/spa-wellness\/#breadcrumb","itemListElement":[{"@type":"ListItem","position":1,"name":"Accueil","item":"https:\/\/aiguille-percee.com\/en\/home\/"},{"@type":"ListItem","position":2,"name":"SPA &amp; Wellness"}]},{"@type":"WebSite","@id":"https:\/\/aiguille-percee.com\/en\/#website","url":"https:\/\/aiguille-percee.com\/en\/","name":"H\u00f4tel Aiguille Perc\u00e9e","description":"H\u00f4tel Restaurant \u00e0 Tignes","publisher":{"@id":"https:\/\/aiguille-percee.com\/en\/#organization"},"potentialAction":[{"@type":"SearchAction","target":{"@type":"EntryPoint","urlTemplate":"https:\/\/aiguille-percee.com\/en\/?s={search_term_string}"},"query-input":{"@type":"PropertyValueSpecification","valueRequired":true,"valueName":"search_term_string"}}],"inLanguage":"en-US"},{"@type":"Organization","@id":"https:\/\/aiguille-percee.com\/en\/#organization","name":"H\u00f4tel Aiguille Perc\u00e9e","url":"https:\/\/aiguille-percee.com\/en\/","logo":{"@type":"ImageObject","inLanguage":"en-US","@id":"https:\/\/aiguille-percee.com\/en\/#\/schema\/logo\/image\/","url":"https:\/\/aiguille-percee.com\/wp-content\/uploads\/2023\/01\/Logo-Aiguille-Percee.png","contentUrl":"https:\/\/aiguille-percee.com\/wp-content\/uploads\/2023\/01\/Logo-Aiguille-Percee.png","width":596,"height":332,"caption":"H\u00f4tel Aiguille Perc\u00e9e"},"image":{"@id":"https:\/\/aiguille-percee.com\/en\/#\/schema\/logo\/image\/"}}]}},"_links":{"self":[{"href":"https:\/\/aiguille-percee.com\/en\/wp-json\/wp\/v2\/pages\/1064","targetHints":{"allow":["GET"]}}],"collection":[{"href":"https:\/\/aiguille-percee.com\/en\/wp-json\/wp\/v2\/pages"}],"about":[{"href":"https:\/\/aiguille-percee.com\/en\/wp-json\/wp\/v2\/types\/page"}],"author":[{"embeddable":true,"href":"https:\/\/aiguille-percee.com\/en\/wp-json\/wp\/v2\/users\/1"}],"replies":[{"embeddable":true,"href":"https:\/\/aiguille-percee.com\/en\/wp-json\/wp\/v2\/comments?post=1064"}],"version-history":[{"count":1,"href":"https:\/\/aiguille-percee.com\/en\/wp-json\/wp\/v2\/pages\/1064\/revisions"}],"predecessor-version":[{"id":1065,"href":"https:\/\/aiguille-percee.com\/en\/wp-json\/wp\/v2\/pages\/1064\/revisions\/1065"}],"wp:attachment":[{"href":"https:\/\/aiguille-percee.com\/en\/wp-json\/wp\/v2\/media?parent=1064"}],"curies":[{"name":"wp","href":"https:\/\/api.w.org\/{rel}","templated":true}]}}