{"id":1062,"date":"2022-11-22T09:15:11","date_gmt":"2022-11-22T08:15:11","guid":{"rendered":"https:\/\/aiguille-percee.com\/cookies\/"},"modified":"2025-07-29T14:43:11","modified_gmt":"2025-07-29T12:43:11","slug":"cookies","status":"publish","type":"page","link":"https:\/\/aiguille-percee.com\/en\/cookies\/","title":{"rendered":"Cookies"},"content":{"rendered":"\n[et_pb_section fb_built=&#8221;1&#8243; _builder_version=&#8221;4.18.0&#8243; _module_preset=&#8221;default&#8221; custom_padding=&#8221;||0px||false|false&#8221; da_disable_devices=&#8221;off|off|off&#8221; locked=&#8221;off&#8221; global_colors_info=&#8221;{}&#8221; da_is_popup=&#8221;off&#8221; da_exit_intent=&#8221;off&#8221; da_has_close=&#8221;on&#8221; da_alt_close=&#8221;off&#8221; da_dark_close=&#8221;off&#8221; da_not_modal=&#8221;on&#8221; da_is_singular=&#8221;off&#8221; da_with_loader=&#8221;off&#8221; da_has_shadow=&#8221;on&#8221;][et_pb_row _builder_version=&#8221;4.18.0&#8243; _module_preset=&#8221;default&#8221; global_colors_info=&#8221;{}&#8221;][et_pb_column type=&#8221;4_4&#8243; _builder_version=&#8221;4.18.0&#8243; _module_preset=&#8221;default&#8221; global_colors_info=&#8221;{}&#8221;][et_pb_text admin_label=&#8221;Heading Text&#8221; _builder_version=&#8221;4.18.0&#8243; _module_preset=&#8221;default&#8221; text_text_color=&#8221;#FFFFFF&#8221; header_font=&#8221;Lora|||on|||||&#8221; header_text_color=&#8221;#474747&#8243; header_font_size=&#8221;0.6em&#8221; header_letter_spacing=&#8221;2px&#8221; header_line_height=&#8221;1.5em&#8221; text_orientation=&#8221;center&#8221; height=&#8221;40vh&#8221; height_tablet=&#8221;20vh&#8221; height_phone=&#8221;20vh&#8221; height_last_edited=&#8221;on|tablet&#8221; custom_css_main_element=&#8221;font-size: 80px;||display:flex;||justify-content:center;||align-items:center;&#8221; locked=&#8221;off&#8221; global_colors_info=&#8221;{}&#8221; custom_css_main_element_last_edited=&#8221;on|phone&#8221; custom_css_main_element_tablet=&#8221;font-size: calc(40px + 40 * (100vw &#8211; 767px)\/213) !important;||display:flex;||justify-content:center;||align-items:center;&#8221; custom_css_main_element_phone=&#8221;font-size: 40px;||display:flex;||justify-content:center;||align-items:center;&#8221;]<h1>COOKIES<\/h1>[\/et_pb_text][\/et_pb_column][\/et_pb_row][\/et_pb_section][et_pb_section fb_built=&#8221;1&#8243; _builder_version=&#8221;4.18.0&#8243; _module_preset=&#8221;default&#8221; custom_padding=&#8221;0px||||false|false&#8221; da_disable_devices=&#8221;off|off|off&#8221; border_width_top=&#8221;1px&#8221; border_color_top=&#8221;#F2F2F2&#8243; locked=&#8221;off&#8221; global_colors_info=&#8221;{}&#8221; da_is_popup=&#8221;off&#8221; da_exit_intent=&#8221;off&#8221; da_has_close=&#8221;on&#8221; da_alt_close=&#8221;off&#8221; da_dark_close=&#8221;off&#8221; da_not_modal=&#8221;on&#8221; da_is_singular=&#8221;off&#8221; da_with_loader=&#8221;off&#8221; da_has_shadow=&#8221;on&#8221;][et_pb_row column_structure=&#8221;1_3,2_3&#8243; _builder_version=&#8221;4.18.0&#8243; _module_preset=&#8221;default&#8221; custom_margin=&#8221;||50px||false|false&#8221; custom_padding=&#8221;0px||0px||false|false&#8221; global_colors_info=&#8221;{}&#8221;][et_pb_column type=&#8221;1_3&#8243; disabled_on=&#8221;on|on|off&#8221; _builder_version=&#8221;4.18.0&#8243; _module_preset=&#8221;default&#8221; global_colors_info=&#8221;{}&#8221;][et_pb_text _builder_version=&#8221;4.18.0&#8243; _module_preset=&#8221;default&#8221; text_font=&#8221;Lora|||on|||||&#8221; text_text_color=&#8221;#474747&#8243; text_font_size=&#8221;13px&#8221; text_letter_spacing=&#8221;1px&#8221; positioning=&#8221;relative&#8221; vertical_offset=&#8221;75px&#8221; z_index=&#8221;33&#8243; custom_padding=&#8221;||||false|false&#8221; sticky_limit_bottom=&#8221;row&#8221; global_colors_info=&#8221;{}&#8221;]<p><a href=\"#identification-de-lediteur-du-site\">Site Editor Identification<\/a><\/p>\n<p><a href=\"#droits-dauteur-copyright\">Copyright<\/a><\/p>\n<p><a href=\"#contenu-du-site\">Site Content<\/a><\/p>\n<p><a href=\"#acces-au-site\">Site Access<\/a><\/p>\n<p><a href=\"#liens-hypertextes\">Hyperlinks<\/a><\/p>[\/et_pb_text][\/et_pb_column][et_pb_column type=&#8221;2_3&#8243; _builder_version=&#8221;4.18.0&#8243; _module_preset=&#8221;default&#8221; border_width_left=&#8221;1px&#8221; border_color_left=&#8221;#F2F2F2&#8243; global_colors_info=&#8221;{}&#8221;][et_pb_text module_id=&#8221;identification-de-lediteur-du-site&#8221; _builder_version=&#8221;4.18.0&#8243; _module_preset=&#8221;default&#8221; text_font=&#8221;|300|||||||&#8221; text_font_size=&#8221;18px&#8221; text_line_height=&#8221;1.8em&#8221; header_3_font=&#8221;Barlow|||on|||||&#8221; header_3_text_color=&#8221;#474747&#8243; header_3_line_height=&#8221;2em&#8221; custom_margin=&#8221;||||false|false&#8221; custom_padding=&#8221;8%|10%||10%|false|true&#8221; global_colors_info=&#8221;{}&#8221;]<div class=\"mentions_block\">\n<div href=\"https:\/\/www.levanna.com\/mentions-legales\" class=\"mentions_richt-text w-richtext\">\n<h3>Site Editor Identification<strong><\/strong><\/h3>\n<p>Structure: SARL Company: VILLAGE MONTANA HOLIDAYS<br>Postal address and registered office: LE CAIRN 21 AVENUE DES CHASSEURS ALPIN 73200 ALBERTVILLE FRANCE<br>Phone: +33426782678<br>Email address: communication@village-montana.com<br>Registered with the RCS under SIREN: 751700436<br>SIRET: 75170043600023 APE Code: 7911Z<br>Share capital: \u20ac50,000.00<br>Individual VAT identification number: FR21751700436<br>Publication Director, legal representative: Lluis Casserres<\/p>\n<\/div>\n<\/div>[\/et_pb_text][et_pb_text module_id=&#8221;droits-dauteur-copyright&#8221; _builder_version=&#8221;4.18.0&#8243; _module_preset=&#8221;default&#8221; text_font=&#8221;|300|||||||&#8221; text_font_size=&#8221;18px&#8221; text_line_height=&#8221;1.8em&#8221; header_3_font=&#8221;Barlow|||on|||||&#8221; header_3_text_color=&#8221;#474747&#8243; header_3_line_height=&#8221;2em&#8221; custom_margin=&#8221;||||false|false&#8221; custom_padding=&#8221;|10%||10%|false|true&#8221; global_colors_info=&#8221;{}&#8221;]<div class=\"mentions_block\">\n<div class=\"mentions_richt-text w-richtext\">\n<h3>Copyright<\/h3>\n<p>This entire site is subject to French and international legislation on copyright and intellectual property. The photographs, texts, slogans, drawings, images, animated sequences with or without sound, as well as all works integrated into the site, are the property of VILLAGE MONTANA or third parties who have authorized VILLAGE MONTANA to use them. The logos, icons, and graphic chips represented on the site are protected under copyright and articles L.511.1 et seq. of the Intellectual Property Code relating to the protection of registered designs. All reproduction rights are reserved and strictly limited, including for downloadable documents and iconographic and photographic representations. The brands mentioned on this site are registered by the companies that own them. Any unauthorized use of all or part of these rights by third parties may lead to legal action.     <\/p>\n<\/div>\n<\/div>\n<div style=\"all: initial;\" class=\"notranslate\"><\/div>[\/et_pb_text][et_pb_text module_id=&#8221;contenu-du-site&#8221; _builder_version=&#8221;4.18.0&#8243; _module_preset=&#8221;default&#8221; text_font=&#8221;|300|||||||&#8221; text_font_size=&#8221;18px&#8221; text_line_height=&#8221;1.8em&#8221; header_3_font=&#8221;Barlow|||on|||||&#8221; header_3_text_color=&#8221;#474747&#8243; header_3_line_height=&#8221;2em&#8221; custom_margin=&#8221;||||false|false&#8221; custom_padding=&#8221;|10%||10%|false|true&#8221; global_colors_info=&#8221;{}&#8221;]<div class=\"mentions_block\">\n<h3 href=\"https:\/\/www.levanna.com\/mentions-legales\" class=\"mentions_richt-text w-richtext\">Site Content<\/h3>\n<\/div>\n<div class=\"mentions_block\">\n<div class=\"mentions_richt-text w-richtext\">VILLAGE MONTANA disclaims all responsibility for any update delays, as well as for any interruption or temporary unavailability of the service. VILLAGE MONTANA reserves the right to correct the content of this site at any time and without prior notice. Furthermore, VILLAGE MONTANA disclaims all responsibility for any delay, error, or omission regarding the content of these pages. The reproduction of texts from this site on paper is authorized, particularly for educational purposes, provided that the following three conditions are met: &#8211; free distribution &#8211; respect for the integrity of the reproduced documents: no modification or alteration of any kind &#8211; clear and legible citation of the source in the following form, for example: \u201cthis document comes from the VILLAGE MONTANA website: www.village-montana.com. Reproduction rights are reserved and strictly limited\u201d. The internet address of the VILLAGE MONTANA site must appear in the reference. For other uses, please consult us.     <\/div>\n<\/div>[\/et_pb_text][et_pb_text module_id=&#8221;acces-au-site&#8221; _builder_version=&#8221;4.18.0&#8243; _module_preset=&#8221;default&#8221; text_font=&#8221;|300|||||||&#8221; text_font_size=&#8221;18px&#8221; text_line_height=&#8221;1.8em&#8221; header_3_font=&#8221;Barlow|||on|||||&#8221; header_3_text_color=&#8221;#474747&#8243; header_3_line_height=&#8221;2em&#8221; custom_margin=&#8221;||||false|false&#8221; custom_padding=&#8221;|10%||10%|false|true&#8221; global_colors_info=&#8221;{}&#8221;]<div class=\"mentions_block\">\n<div class=\"mentions_richt-text w-richtext\">\n<h3>Site Access<strong><br><\/strong><\/h3>\n<\/div>\n<\/div>\n<div class=\"mentions_block\">\n<div class=\"mentions_richt-text w-richtext\">\n<p>The user of the village-montana.com site acknowledges having the necessary skills and means to access and use this site. VILLAGE MONTANA cannot be held responsible for elements and events beyond its control related to the use of the site and their effects, or for hardware and\/or software incompatibilities and damages that may result for the user&#8217;s technical environment, particularly for their computers, software, network equipment, and any other material used to access or use the service and\/or information. It is reminded that fraudulently accessing or remaining in an information system, hindering or distorting its operation, or fraudulently introducing or modifying data in such a system constitutes an offense punishable by criminal penalties.  <\/p>\n<\/div>\n<\/div>[\/et_pb_text][et_pb_text module_id=&#8221;liens-hypertextes&#8221; _builder_version=&#8221;4.18.0&#8243; _module_preset=&#8221;default&#8221; text_font=&#8221;|300|||||||&#8221; text_font_size=&#8221;18px&#8221; text_line_height=&#8221;1.8em&#8221; header_3_font=&#8221;Barlow|||on|||||&#8221; header_3_text_color=&#8221;#474747&#8243; header_3_line_height=&#8221;2em&#8221; custom_margin=&#8221;||||false|false&#8221; custom_padding=&#8221;|10%||10%|false|true&#8221; global_colors_info=&#8221;{}&#8221;]<div class=\"mentions_block\">\n<div class=\"mentions_richt-text w-richtext\">\n<h3>Hyperlinks<\/h3>\n<p>The village-montana.com site authorizes the creation of a hyperlink to its content, subject to: &#8211; authorization from the site&#8217;s publication director &#8211; not using the deep linking technique, meaning that the pages of the village-montana.com site must not be embedded within the pages of another site, but accessible by opening a dedicated window &#8211; mentioning the source, which will point directly to the targeted content via a hyperlink. Any use for commercial or advertising purposes is excluded, with the exception of the provisions provided. This authorization does not apply to websites disseminating information of a controversial, pornographic, xenophobic nature, or that may, to a large extent, offend the sensibilities of the general public. VILLAGE MONTANA disclaims all responsibility for the content of linked sites, regardless of the type of link established from or to village-montana.com. VILLAGE MONTANA reserves the right to object to its establishment.    <\/p>\n<\/div>\n<\/div>\n<div style=\"all: initial;\" class=\"notranslate\"><\/div>[\/et_pb_text][\/et_pb_column][\/et_pb_row][\/et_pb_section]\n","protected":false},"excerpt":{"rendered":"<p>COOKIESSite Editor Identification Copyright Site Content Site Access Hyperlinks Site Editor Identification Structure: SARL Company: VILLAGE MONTANA HOLIDAYSPostal address and registered office: LE CAIRN 21 AVENUE DES CHASSEURS ALPIN 73200 ALBERTVILLE FRANCEPhone: +33426782678Email address: communication@village-montana.comRegistered with the RCS under SIREN: 751700436SIRET: 75170043600023 APE Code: 7911ZShare capital: \u20ac50,000.00Individual VAT identification number: FR21751700436Publication Director, legal representative: Lluis [&hellip;]<\/p>\n","protected":false},"author":1,"featured_media":0,"parent":0,"menu_order":0,"comment_status":"closed","ping_status":"closed","template":"","meta":{"_et_pb_use_builder":"on","_et_pb_old_content":"","_et_gb_content_width":"","footnotes":""},"class_list":["post-1062","page","type-page","status-publish","hentry"],"yoast_head":"<!-- This site is optimized with the Yoast SEO plugin v27.4 - https:\/\/yoast.com\/product\/yoast-seo-wordpress\/ -->\n<title>Cookie Policy<\/title>\n<meta name=\"description\" content=\"Find information about the site&#039;s cookie policy here.\" \/>\n<meta name=\"robots\" content=\"index, follow, max-snippet:-1, max-image-preview:large, max-video-preview:-1\" \/>\n<link rel=\"canonical\" href=\"https:\/\/aiguille-percee.com\/en\/cookies\/\" \/>\n<meta property=\"og:locale\" content=\"en_US\" \/>\n<meta property=\"og:type\" content=\"article\" \/>\n<meta property=\"og:title\" content=\"Cookie Policy\" \/>\n<meta property=\"og:description\" content=\"Find information about the site&#039;s cookie policy here.\" \/>\n<meta property=\"og:url\" content=\"https:\/\/aiguille-percee.com\/en\/cookies\/\" \/>\n<meta property=\"og:site_name\" content=\"L&#039;Aiguille Perc\u00e9e\" \/>\n<meta property=\"article:modified_time\" content=\"2025-07-29T12:43:11+00:00\" \/>\n<meta name=\"twitter:card\" content=\"summary_large_image\" \/>\n<meta name=\"twitter:label1\" content=\"Est. reading time\" \/>\n\t<meta name=\"twitter:data1\" content=\"6 minutes\" \/>\n<script type=\"application\/ld+json\" class=\"yoast-schema-graph\">{\"@context\":\"https:\\\/\\\/schema.org\",\"@graph\":[{\"@type\":\"WebPage\",\"@id\":\"https:\\\/\\\/aiguille-percee.com\\\/en\\\/cookies\\\/\",\"url\":\"https:\\\/\\\/aiguille-percee.com\\\/en\\\/cookies\\\/\",\"name\":\"Cookie Policy\",\"isPartOf\":{\"@id\":\"https:\\\/\\\/aiguille-percee.com\\\/en\\\/#website\"},\"datePublished\":\"2022-11-22T08:15:11+00:00\",\"dateModified\":\"2025-07-29T12:43:11+00:00\",\"description\":\"Find information about the site's cookie policy here.\",\"breadcrumb\":{\"@id\":\"https:\\\/\\\/aiguille-percee.com\\\/en\\\/cookies\\\/#breadcrumb\"},\"inLanguage\":\"en-US\",\"potentialAction\":[{\"@type\":\"ReadAction\",\"target\":[\"https:\\\/\\\/aiguille-percee.com\\\/en\\\/cookies\\\/\"]}]},{\"@type\":\"BreadcrumbList\",\"@id\":\"https:\\\/\\\/aiguille-percee.com\\\/en\\\/cookies\\\/#breadcrumb\",\"itemListElement\":[{\"@type\":\"ListItem\",\"position\":1,\"name\":\"Accueil\",\"item\":\"https:\\\/\\\/aiguille-percee.com\\\/en\\\/home\\\/\"},{\"@type\":\"ListItem\",\"position\":2,\"name\":\"Cookies\"}]},{\"@type\":\"WebSite\",\"@id\":\"https:\\\/\\\/aiguille-percee.com\\\/en\\\/#website\",\"url\":\"https:\\\/\\\/aiguille-percee.com\\\/en\\\/\",\"name\":\"H\u00f4tel Aiguille Perc\u00e9e\",\"description\":\"H\u00f4tel Restaurant \u00e0 Tignes\",\"publisher\":{\"@id\":\"https:\\\/\\\/aiguille-percee.com\\\/en\\\/#organization\"},\"potentialAction\":[{\"@type\":\"SearchAction\",\"target\":{\"@type\":\"EntryPoint\",\"urlTemplate\":\"https:\\\/\\\/aiguille-percee.com\\\/en\\\/?s={search_term_string}\"},\"query-input\":{\"@type\":\"PropertyValueSpecification\",\"valueRequired\":true,\"valueName\":\"search_term_string\"}}],\"inLanguage\":\"en-US\"},{\"@type\":\"Organization\",\"@id\":\"https:\\\/\\\/aiguille-percee.com\\\/en\\\/#organization\",\"name\":\"H\u00f4tel Aiguille Perc\u00e9e\",\"url\":\"https:\\\/\\\/aiguille-percee.com\\\/en\\\/\",\"logo\":{\"@type\":\"ImageObject\",\"inLanguage\":\"en-US\",\"@id\":\"https:\\\/\\\/aiguille-percee.com\\\/en\\\/#\\\/schema\\\/logo\\\/image\\\/\",\"url\":\"https:\\\/\\\/aiguille-percee.com\\\/wp-content\\\/uploads\\\/2023\\\/01\\\/Logo-Aiguille-Percee.png\",\"contentUrl\":\"https:\\\/\\\/aiguille-percee.com\\\/wp-content\\\/uploads\\\/2023\\\/01\\\/Logo-Aiguille-Percee.png\",\"width\":596,\"height\":332,\"caption\":\"H\u00f4tel Aiguille Perc\u00e9e\"},\"image\":{\"@id\":\"https:\\\/\\\/aiguille-percee.com\\\/en\\\/#\\\/schema\\\/logo\\\/image\\\/\"}}]}<\/script>\n<!-- \/ Yoast SEO plugin. -->","yoast_head_json":{"title":"Cookie Policy","description":"Find information about the site's cookie policy here.","robots":{"index":"index","follow":"follow","max-snippet":"max-snippet:-1","max-image-preview":"max-image-preview:large","max-video-preview":"max-video-preview:-1"},"canonical":"https:\/\/aiguille-percee.com\/en\/cookies\/","og_locale":"en_US","og_type":"article","og_title":"Cookie Policy","og_description":"Find information about the site's cookie policy here.","og_url":"https:\/\/aiguille-percee.com\/en\/cookies\/","og_site_name":"L&#039;Aiguille Perc\u00e9e","article_modified_time":"2025-07-29T12:43:11+00:00","twitter_card":"summary_large_image","twitter_misc":{"Est. reading time":"6 minutes"},"schema":{"@context":"https:\/\/schema.org","@graph":[{"@type":"WebPage","@id":"https:\/\/aiguille-percee.com\/en\/cookies\/","url":"https:\/\/aiguille-percee.com\/en\/cookies\/","name":"Cookie Policy","isPartOf":{"@id":"https:\/\/aiguille-percee.com\/en\/#website"},"datePublished":"2022-11-22T08:15:11+00:00","dateModified":"2025-07-29T12:43:11+00:00","description":"Find information about the site's cookie policy here.","breadcrumb":{"@id":"https:\/\/aiguille-percee.com\/en\/cookies\/#breadcrumb"},"inLanguage":"en-US","potentialAction":[{"@type":"ReadAction","target":["https:\/\/aiguille-percee.com\/en\/cookies\/"]}]},{"@type":"BreadcrumbList","@id":"https:\/\/aiguille-percee.com\/en\/cookies\/#breadcrumb","itemListElement":[{"@type":"ListItem","position":1,"name":"Accueil","item":"https:\/\/aiguille-percee.com\/en\/home\/"},{"@type":"ListItem","position":2,"name":"Cookies"}]},{"@type":"WebSite","@id":"https:\/\/aiguille-percee.com\/en\/#website","url":"https:\/\/aiguille-percee.com\/en\/","name":"H\u00f4tel Aiguille Perc\u00e9e","description":"H\u00f4tel Restaurant \u00e0 Tignes","publisher":{"@id":"https:\/\/aiguille-percee.com\/en\/#organization"},"potentialAction":[{"@type":"SearchAction","target":{"@type":"EntryPoint","urlTemplate":"https:\/\/aiguille-percee.com\/en\/?s={search_term_string}"},"query-input":{"@type":"PropertyValueSpecification","valueRequired":true,"valueName":"search_term_string"}}],"inLanguage":"en-US"},{"@type":"Organization","@id":"https:\/\/aiguille-percee.com\/en\/#organization","name":"H\u00f4tel Aiguille Perc\u00e9e","url":"https:\/\/aiguille-percee.com\/en\/","logo":{"@type":"ImageObject","inLanguage":"en-US","@id":"https:\/\/aiguille-percee.com\/en\/#\/schema\/logo\/image\/","url":"https:\/\/aiguille-percee.com\/wp-content\/uploads\/2023\/01\/Logo-Aiguille-Percee.png","contentUrl":"https:\/\/aiguille-percee.com\/wp-content\/uploads\/2023\/01\/Logo-Aiguille-Percee.png","width":596,"height":332,"caption":"H\u00f4tel Aiguille Perc\u00e9e"},"image":{"@id":"https:\/\/aiguille-percee.com\/en\/#\/schema\/logo\/image\/"}}]}},"_links":{"self":[{"href":"https:\/\/aiguille-percee.com\/en\/wp-json\/wp\/v2\/pages\/1062","targetHints":{"allow":["GET"]}}],"collection":[{"href":"https:\/\/aiguille-percee.com\/en\/wp-json\/wp\/v2\/pages"}],"about":[{"href":"https:\/\/aiguille-percee.com\/en\/wp-json\/wp\/v2\/types\/page"}],"author":[{"embeddable":true,"href":"https:\/\/aiguille-percee.com\/en\/wp-json\/wp\/v2\/users\/1"}],"replies":[{"embeddable":true,"href":"https:\/\/aiguille-percee.com\/en\/wp-json\/wp\/v2\/comments?post=1062"}],"version-history":[{"count":1,"href":"https:\/\/aiguille-percee.com\/en\/wp-json\/wp\/v2\/pages\/1062\/revisions"}],"predecessor-version":[{"id":1063,"href":"https:\/\/aiguille-percee.com\/en\/wp-json\/wp\/v2\/pages\/1062\/revisions\/1063"}],"wp:attachment":[{"href":"https:\/\/aiguille-percee.com\/en\/wp-json\/wp\/v2\/media?parent=1062"}],"curies":[{"name":"wp","href":"https:\/\/api.w.org\/{rel}","templated":true}]}}