{"id":1061,"date":"2022-11-22T10:22:15","date_gmt":"2022-11-22T09:22:15","guid":{"rendered":"https:\/\/aiguille-percee.com\/restaurant\/"},"modified":"2025-12-26T16:44:16","modified_gmt":"2025-12-26T15:44:16","slug":"restaurant","status":"publish","type":"page","link":"https:\/\/aiguille-percee.com\/en\/restaurant\/","title":{"rendered":"Restaurant"},"content":{"rendered":"<p>[et_pb_section fb_built=&#8221;1&#8243; _builder_version=&#8221;4.18.0&#8243; _module_preset=&#8221;default&#8221; background_color=&#8221;#F2F2F2&#8243; use_background_color_gradient=&#8221;on&#8221; background_color_gradient_stops=&#8221;rgba(71,71,71,0.16) 0%|rgba(71,71,71,0.16) 100%&#8221; background_color_gradient_overlays_image=&#8221;on&#8221; background_image=&#8221;https:\/\/aiguille-percee.com\/wp-content\/uploads\/2022\/12\/PBZ_4495-Aiguille-Percee-\u252c\u00aePascale-Be\u2560uroujon-.jpg&#8221; custom_padding=&#8221;||||true|false&#8221; da_disable_devices=&#8221;off|off|off&#8221; locked=&#8221;off&#8221; global_colors_info=&#8221;{}&#8221; da_is_popup=&#8221;off&#8221; da_exit_intent=&#8221;off&#8221; da_has_close=&#8221;on&#8221; da_alt_close=&#8221;off&#8221; da_dark_close=&#8221;off&#8221; da_not_modal=&#8221;on&#8221; da_is_singular=&#8221;off&#8221; da_with_loader=&#8221;off&#8221; da_has_shadow=&#8221;on&#8221;][et_pb_row _builder_version=&#8221;4.18.0&#8243; _module_preset=&#8221;default&#8221; global_colors_info=&#8221;{}&#8221;][et_pb_column type=&#8221;4_4&#8243; _builder_version=&#8221;4.18.0&#8243; _module_preset=&#8221;default&#8221; global_colors_info=&#8221;{}&#8221;][et_pb_text admin_label=&#8221;Heading Text&#8221; _builder_version=&#8221;4.18.0&#8243; _module_preset=&#8221;default&#8221; text_text_color=&#8221;#FFFFFF&#8221; header_font=&#8221;Lora|||on|||||&#8221; header_text_color=&#8221;#FFFFFF&#8221; header_font_size=&#8221;0.8em&#8221; header_letter_spacing=&#8221;2px&#8221; header_line_height=&#8221;1.5em&#8221; text_orientation=&#8221;center&#8221; height=&#8221;60vh&#8221; custom_css_main_element=&#8221;font-size: 80px;||display:flex;||justify-content:center;||align-items:center;&#8221; header_text_shadow_style=&#8221;preset1&#8243; header_text_shadow_horizontal_length=&#8221;0.01em&#8221; header_text_shadow_vertical_length=&#8221;0.08em&#8221; header_text_shadow_blur_strength=&#8221;0.17em&#8221; header_text_shadow_color=&#8221;rgba(2,2,2,0.87)&#8221; global_colors_info=&#8221;{}&#8221; custom_css_main_element_last_edited=&#8221;on|phone&#8221; custom_css_main_element_tablet=&#8221;font-size: calc(40px + 40 * (100vw &#8211; 767px)\/213) !important;||display:flex;||justify-content:center;||align-items:center;&#8221; custom_css_main_element_phone=&#8221;font-size: 40px;||display:flex;||justify-content:center;||align-items:center;&#8221;]<\/p>\n<h1>Restaurant<\/h1>\n<p>[\/et_pb_text][\/et_pb_column][\/et_pb_row][\/et_pb_section][et_pb_section fb_built=&#8221;1&#8243; _builder_version=&#8221;4.18.0&#8243; _module_preset=&#8221;default&#8221; da_disable_devices=&#8221;off|off|off&#8221; global_colors_info=&#8221;{}&#8221; da_is_popup=&#8221;off&#8221; da_exit_intent=&#8221;off&#8221; da_has_close=&#8221;on&#8221; da_alt_close=&#8221;off&#8221; da_dark_close=&#8221;off&#8221; da_not_modal=&#8221;on&#8221; da_is_singular=&#8221;off&#8221; da_with_loader=&#8221;off&#8221; da_has_shadow=&#8221;on&#8221;][et_pb_row column_structure=&#8221;1_2,1_2&#8243; _builder_version=&#8221;4.18.0&#8243; _module_preset=&#8221;default&#8221; global_colors_info=&#8221;{}&#8221;][et_pb_column type=&#8221;1_2&#8243; _builder_version=&#8221;4.18.0&#8243; _module_preset=&#8221;default&#8221; global_colors_info=&#8221;{}&#8221;][et_pb_image src=&#8221;https:\/\/aiguille-percee.com\/wp-content\/uploads\/2022\/12\/PBZ_4628-copy-2-Aiguille-Percee-\u252c\u00aePascale-Be\u2560uroujon-.jpg&#8221; title_text=&#8221;PBZ_4628 Copy 2 Aiguille Percee \u00aePascale B\u00e9roujon&#8221; _builder_version=&#8221;4.18.0&#8243; _module_preset=&#8221;default&#8221; global_colors_info=&#8221;{}&#8221;][\/et_pb_image][\/et_pb_column][et_pb_column type=&#8221;1_2&#8243; _builder_version=&#8221;4.18.0&#8243; _module_preset=&#8221;default&#8221; global_colors_info=&#8221;{}&#8221;][et_pb_text _builder_version=&#8221;4.18.0&#8243; _module_preset=&#8221;default&#8221; text_font=&#8221;Lora||||||||&#8221; text_text_color=&#8221;#474747&#8243; text_font_size=&#8221;19px&#8221; text_line_height=&#8221;1.8em&#8221; custom_padding=&#8221;||||false|false&#8221; locked=&#8221;off&#8221; global_colors_info=&#8221;{}&#8221;]<\/p>\n<p>Welcome to L\u2019Aiguille Perc\u00e9e restaurant, in the heart of the mountains. Our restaurant invites you to discover the Savoyard specialties that make the region famous. Raclette, fondue, and other traditional delights are carefully prepared to share a warm moment with family or friends. Each dish highlights fresh, high-quality ingredients for an authentic and flavorful experience.   <\/p>\n<p>[\/et_pb_text][et_pb_button button_url=&#8221;https:\/\/etincell.es\/carterestauaiguille&#8221; button_text=&#8221;View the menu&#8221; _builder_version=&#8221;4.27.4&#8243; _module_preset=&#8221;default&#8221; custom_button=&#8221;on&#8221; button_text_size=&#8221;17px&#8221; button_text_color=&#8221;#731717&#8243; button_bg_color=&#8221;#F2F2F2&#8243; button_border_width=&#8221;1px&#8221; button_border_color=&#8221;#FFFFFF&#8221; button_font=&#8221;Lora||||||||&#8221; button_use_icon=&#8221;off&#8221; custom_padding=&#8221;13px|25px|13px|25px|true|true&#8221; button_border_color_tablet=&#8221;#FFFFFF&#8221; button_border_color_phone=&#8221;#FFFFFF&#8221; button_border_color_last_edited=&#8221;on|desktop&#8221; global_colors_info=&#8221;{}&#8221; button_text_color__hover=&#8221;#731717&#8243; button_text_color__hover_enabled=&#8221;on|desktop&#8221; button_bg_color__hover=&#8221;#d1d1d1&#8243; button_bg_color__hover_enabled=&#8221;on|hover&#8221; button_border_color__hover=&#8221;#F2F2F2&#8243; button_border_color__hover_enabled=&#8221;on|hover&#8221;][\/et_pb_button][\/et_pb_column][\/et_pb_row][\/et_pb_section][et_pb_section fb_built=&#8221;1&#8243; custom_padding_last_edited=&#8221;on|phone&#8221; _builder_version=&#8221;4.18.0&#8243; _module_preset=&#8221;default&#8221; background_color=&#8221;#731717&#8243; custom_padding=&#8221;8%||0px||false|false&#8221; custom_padding_tablet=&#8221;8%||0px||false|false&#8221; custom_padding_phone=&#8221;8%||8%||false|false&#8221; custom_css_main_element=&#8221;overflow:visible;&#8221; da_disable_devices=&#8221;off|off|off&#8221; locked=&#8221;off&#8221; global_colors_info=&#8221;{}&#8221; da_is_popup=&#8221;off&#8221; da_exit_intent=&#8221;off&#8221; da_has_close=&#8221;on&#8221; da_alt_close=&#8221;off&#8221; da_dark_close=&#8221;off&#8221; da_not_modal=&#8221;on&#8221; da_is_singular=&#8221;off&#8221; da_with_loader=&#8221;off&#8221; da_has_shadow=&#8221;on&#8221;][et_pb_row _builder_version=&#8221;4.18.0&#8243; _module_preset=&#8221;default&#8221; width=&#8221;70%&#8221; width_tablet=&#8221;70%&#8221; width_phone=&#8221;80%&#8221; width_last_edited=&#8221;on|phone&#8221; custom_padding=&#8221;||4%||false|false&#8221; global_colors_info=&#8221;{}&#8221;][et_pb_column type=&#8221;4_4&#8243; _builder_version=&#8221;4.18.0&#8243; _module_preset=&#8221;default&#8221; global_colors_info=&#8221;{}&#8221;][et_pb_text module_class=&#8221;style-h2-white&#8221; _builder_version=&#8221;4.18.0&#8243; _module_preset=&#8221;default&#8221; header_2_font=&#8221;|||on|||||&#8221; header_2_text_color=&#8221;#FFFFFF&#8221; header_2_font_size=&#8221;20px&#8221; header_2_letter_spacing=&#8221;2px&#8221; border_color_top=&#8221;#FFFFFF&#8221; global_colors_info=&#8221;{}&#8221;]<\/p>\n<h2>Our Restaurant<\/h2>\n<p>[\/et_pb_text][\/et_pb_column][\/et_pb_row][et_pb_row column_structure=&#8221;1_2,1_2&#8243; use_custom_gutter=&#8221;on&#8221; gutter_width=&#8221;4&#8243; custom_padding_last_edited=&#8221;on|tablet&#8221; _builder_version=&#8221;4.18.0&#8243; _module_preset=&#8221;default&#8221; width=&#8221;70%&#8221; width_tablet=&#8221;70%&#8221; width_phone=&#8221;80%&#8221; width_last_edited=&#8221;on|phone&#8221; custom_margin=&#8221;||||false|false&#8221; custom_padding=&#8221;||5%|10em|false|false&#8221; custom_padding_tablet=&#8221;||0px|0em|false|false&#8221; custom_padding_phone=&#8221;||0px|0em|false|false&#8221; global_colors_info=&#8221;{}&#8221;][et_pb_column type=&#8221;1_2&#8243; _builder_version=&#8221;4.18.0&#8243; _module_preset=&#8221;default&#8221; global_colors_info=&#8221;{}&#8221;][et_pb_text admin_label=&#8221;Heading Text&#8221; _builder_version=&#8221;4.18.0&#8243; _module_preset=&#8221;default&#8221; text_font=&#8221;Lora|||on|||||&#8221; text_text_color=&#8221;#FFFFFF&#8221; text_font_size=&#8221;3vw&#8221; text_letter_spacing=&#8221;7px&#8221; text_line_height=&#8221;1.3em&#8221; header_font=&#8221;Lora||||||||&#8221; header_text_color=&#8221;#FFFFFF&#8221; header_font_size=&#8221;3vw&#8221; header_line_height=&#8221;1.5em&#8221; width=&#8221;100%&#8221; custom_padding=&#8221;||20px||false|false&#8221; text_font_size_tablet=&#8221;3vw&#8221; text_font_size_phone=&#8221;7vw&#8221; text_font_size_last_edited=&#8221;on|tablet&#8221; header_font_size_tablet=&#8221;&#8221; header_font_size_phone=&#8221;38.35px&#8221; header_font_size_last_edited=&#8221;on|desktop&#8221; global_colors_info=&#8221;{}&#8221;]<\/p>\n<p>Gourmet dishes<\/p>\n<p>[\/et_pb_text][et_pb_text _builder_version=&#8221;4.18.0&#8243; _module_preset=&#8221;default&#8221; text_text_color=&#8221;#FFFFFF&#8221; width=&#8221;500px&#8221; max_width=&#8221;100%&#8221; global_colors_info=&#8221;{}&#8221; custom_padding=&#8221;||0px|||&#8221;]<\/p>\n<p>In addition to our classics, enjoy our \u00e0 la carte dishes: Savoyard burgers, fish &amp; chips, or daily specials depending on the season. Finish your meal with a homemade dessert or let yourself be surprised by the chef\u2019s suggestions. Whether after a day on the slopes or for a cozy break, L\u2019Aiguille Perc\u00e9e promises an authentic, delicious, and flavorful experience.  <\/p>\n<p>[\/et_pb_text][\/et_pb_column][et_pb_column type=&#8221;1_2&#8243; _builder_version=&#8221;4.18.0&#8243; _module_preset=&#8221;default&#8221; global_colors_info=&#8221;{}&#8221;][et_pb_image alt=&#8221;sauna-wellness-area-hotel-aiguille-percee&#8221; title_text=&#8221;sauna-wellness-area-hotel-aiguille-percee&#8221; align=&#8221;center&#8221; _builder_version=&#8221;4.18.0&#8243; _module_preset=&#8221;default&#8221; vertical_offset=&#8221;154px&#8221; z_index=&#8221;401&#8243; position_origin_a_tablet=&#8221;&#8221; position_origin_a_phone=&#8221;&#8221; position_origin_a_last_edited=&#8221;on|tablet&#8221; position_origin_f_tablet=&#8221;&#8221; position_origin_f_phone=&#8221;&#8221; position_origin_f_last_edited=&#8221;on|tablet&#8221; position_origin_r_tablet=&#8221;&#8221; position_origin_r_phone=&#8221;&#8221; position_origin_r_last_edited=&#8221;on|tablet&#8221; width=&#8221;80%&#8221; width_tablet=&#8221;80%&#8221; width_phone=&#8221;100%&#8221; width_last_edited=&#8221;on|phone&#8221; custom_margin=&#8221;||||false|false&#8221; custom_padding=&#8221;||||false|false&#8221; positioning_tablet=&#8221;none&#8221; positioning_phone=&#8221;none&#8221; positioning_last_edited=&#8221;on|tablet&#8221; global_colors_info=&#8221;{}&#8221;][\/et_pb_image][et_pb_image src=&#8221;https:\/\/aiguille-percee.com\/wp-content\/uploads\/2022\/12\/5e5bba24eff9b288851bbeb02a7dffd5a24ceab1.jpeg&#8221; title_text=&#8221;5e5bba24eff9b288851bbeb02a7dffd5a24ceab1&#8243; _builder_version=&#8221;4.18.0&#8243; _module_preset=&#8221;default&#8221; global_colors_info=&#8221;{}&#8221;][\/et_pb_image][\/et_pb_column][\/et_pb_row][et_pb_row use_custom_gutter=&#8221;on&#8221; gutter_width=&#8221;4&#8243; custom_padding_last_edited=&#8221;on|tablet&#8221; _builder_version=&#8221;4.18.0&#8243; _module_preset=&#8221;default&#8221; transform_scale_tablet=&#8221;&#8221; transform_scale_phone=&#8221;&#8221; transform_scale_last_edited=&#8221;on|phone&#8221; transform_translate=&#8221;0px|20px&#8221; transform_translate_tablet=&#8221;0px|20px&#8221; transform_translate_phone=&#8221;0px|0px&#8221; transform_translate_last_edited=&#8221;on|phone&#8221; transform_translate_linked=&#8221;off&#8221; transform_rotate_tablet=&#8221;&#8221; transform_rotate_phone=&#8221;&#8221; transform_rotate_last_edited=&#8221;on|phone&#8221; transform_skew_tablet=&#8221;&#8221; transform_skew_phone=&#8221;&#8221; transform_skew_last_edited=&#8221;on|phone&#8221; transform_origin_tablet=&#8221;&#8221; transform_origin_phone=&#8221;&#8221; transform_origin_last_edited=&#8221;on|phone&#8221; z_index=&#8221;252&#8243; width=&#8221;70%&#8221; width_tablet=&#8221;70%&#8221; width_phone=&#8221;80%&#8221; width_last_edited=&#8221;on|phone&#8221; custom_margin=&#8221;||||false|false&#8221; custom_padding=&#8221;||0px|10em|false|false&#8221; custom_padding_tablet=&#8221;||0px|0em|false|false&#8221; custom_padding_phone=&#8221;||0px|0em|false|false&#8221; global_colors_info=&#8221;{}&#8221;][et_pb_column type=&#8221;4_4&#8243; _builder_version=&#8221;4.18.0&#8243; _module_preset=&#8221;default&#8221; global_colors_info=&#8221;{}&#8221;][et_pb_image src=&#8221;https:\/\/aiguille-percee.com\/wp-content\/uploads\/2022\/12\/PBZ_4514-Aiguille-Percee-\u252c\u00aePascale-Be\u2560uroujon-.jpg&#8221; alt=&#8221;restaurant-dining-room-aiguille-percee&#8221; title_text=&#8221;PBZ_4514 Aiguille Percee \u00aePascale B\u00e9roujon&#8221; _builder_version=&#8221;4.18.0&#8243; _module_preset=&#8221;default&#8221; global_colors_info=&#8221;{}&#8221;][\/et_pb_image][\/et_pb_column][\/et_pb_row][\/et_pb_section]<\/p>\n","protected":false},"excerpt":{"rendered":"<p>RestaurantWelcome to L\u2019Aiguille Perc\u00e9e restaurant, in the heart of the mountains. Our restaurant invites you to discover the Savoyard specialties that make the region famous. Raclette, fondue, and other traditional delights are carefully prepared to share a warm moment with family or friends. Each dish highlights fresh, high-quality ingredients for an authentic and flavorful experience. [&hellip;]<\/p>\n","protected":false},"author":1,"featured_media":0,"parent":0,"menu_order":0,"comment_status":"closed","ping_status":"closed","template":"","meta":{"_et_pb_use_builder":"on","_et_pb_old_content":"","_et_gb_content_width":"","footnotes":""},"class_list":["post-1061","page","type-page","status-publish","hentry"],"yoast_head":"<!-- This site is optimized with the Yoast SEO plugin v27.4 - https:\/\/yoast.com\/product\/yoast-seo-wordpress\/ -->\n<title>Aiguille Percee Hotel - the Restaurant<\/title>\n<meta name=\"description\" content=\"The restaurant of the hotel L&#039;Aiguille Perc\u00e9e in Tignes le Lac offers traditional and authentic cuisine in a warm setting.\" \/>\n<meta name=\"robots\" content=\"index, follow, max-snippet:-1, max-image-preview:large, max-video-preview:-1\" \/>\n<link rel=\"canonical\" href=\"https:\/\/aiguille-percee.com\/en\/restaurant\/\" \/>\n<meta property=\"og:locale\" content=\"en_US\" \/>\n<meta property=\"og:type\" content=\"article\" \/>\n<meta property=\"og:title\" content=\"Aiguille Percee Hotel - the Restaurant\" \/>\n<meta property=\"og:description\" content=\"The restaurant of the hotel L&#039;Aiguille Perc\u00e9e in Tignes le Lac offers traditional and authentic cuisine in a warm setting.\" \/>\n<meta property=\"og:url\" content=\"https:\/\/aiguille-percee.com\/en\/restaurant\/\" \/>\n<meta property=\"og:site_name\" content=\"L&#039;Aiguille Perc\u00e9e\" \/>\n<meta property=\"article:modified_time\" content=\"2025-12-26T15:44:16+00:00\" \/>\n<meta name=\"twitter:card\" content=\"summary_large_image\" \/>\n<meta name=\"twitter:label1\" content=\"Est. reading time\" \/>\n\t<meta name=\"twitter:data1\" content=\"7 minutes\" \/>\n<script type=\"application\/ld+json\" class=\"yoast-schema-graph\">{\"@context\":\"https:\\\/\\\/schema.org\",\"@graph\":[{\"@type\":\"WebPage\",\"@id\":\"https:\\\/\\\/aiguille-percee.com\\\/en\\\/restaurant\\\/\",\"url\":\"https:\\\/\\\/aiguille-percee.com\\\/en\\\/restaurant\\\/\",\"name\":\"Aiguille Percee Hotel - the Restaurant\",\"isPartOf\":{\"@id\":\"https:\\\/\\\/aiguille-percee.com\\\/en\\\/#website\"},\"datePublished\":\"2022-11-22T09:22:15+00:00\",\"dateModified\":\"2025-12-26T15:44:16+00:00\",\"description\":\"The restaurant of the hotel L'Aiguille Perc\u00e9e in Tignes le Lac offers traditional and authentic cuisine in a warm setting.\",\"breadcrumb\":{\"@id\":\"https:\\\/\\\/aiguille-percee.com\\\/en\\\/restaurant\\\/#breadcrumb\"},\"inLanguage\":\"en-US\",\"potentialAction\":[{\"@type\":\"ReadAction\",\"target\":[\"https:\\\/\\\/aiguille-percee.com\\\/en\\\/restaurant\\\/\"]}]},{\"@type\":\"BreadcrumbList\",\"@id\":\"https:\\\/\\\/aiguille-percee.com\\\/en\\\/restaurant\\\/#breadcrumb\",\"itemListElement\":[{\"@type\":\"ListItem\",\"position\":1,\"name\":\"Accueil\",\"item\":\"https:\\\/\\\/aiguille-percee.com\\\/en\\\/home\\\/\"},{\"@type\":\"ListItem\",\"position\":2,\"name\":\"Restaurant\"}]},{\"@type\":\"WebSite\",\"@id\":\"https:\\\/\\\/aiguille-percee.com\\\/en\\\/#website\",\"url\":\"https:\\\/\\\/aiguille-percee.com\\\/en\\\/\",\"name\":\"H\u00f4tel Aiguille Perc\u00e9e\",\"description\":\"H\u00f4tel Restaurant \u00e0 Tignes\",\"publisher\":{\"@id\":\"https:\\\/\\\/aiguille-percee.com\\\/en\\\/#organization\"},\"potentialAction\":[{\"@type\":\"SearchAction\",\"target\":{\"@type\":\"EntryPoint\",\"urlTemplate\":\"https:\\\/\\\/aiguille-percee.com\\\/en\\\/?s={search_term_string}\"},\"query-input\":{\"@type\":\"PropertyValueSpecification\",\"valueRequired\":true,\"valueName\":\"search_term_string\"}}],\"inLanguage\":\"en-US\"},{\"@type\":\"Organization\",\"@id\":\"https:\\\/\\\/aiguille-percee.com\\\/en\\\/#organization\",\"name\":\"H\u00f4tel Aiguille Perc\u00e9e\",\"url\":\"https:\\\/\\\/aiguille-percee.com\\\/en\\\/\",\"logo\":{\"@type\":\"ImageObject\",\"inLanguage\":\"en-US\",\"@id\":\"https:\\\/\\\/aiguille-percee.com\\\/en\\\/#\\\/schema\\\/logo\\\/image\\\/\",\"url\":\"https:\\\/\\\/aiguille-percee.com\\\/wp-content\\\/uploads\\\/2023\\\/01\\\/Logo-Aiguille-Percee.png\",\"contentUrl\":\"https:\\\/\\\/aiguille-percee.com\\\/wp-content\\\/uploads\\\/2023\\\/01\\\/Logo-Aiguille-Percee.png\",\"width\":596,\"height\":332,\"caption\":\"H\u00f4tel Aiguille Perc\u00e9e\"},\"image\":{\"@id\":\"https:\\\/\\\/aiguille-percee.com\\\/en\\\/#\\\/schema\\\/logo\\\/image\\\/\"}}]}<\/script>\n<!-- \/ Yoast SEO plugin. -->","yoast_head_json":{"title":"Aiguille Percee Hotel - the Restaurant","description":"The restaurant of the hotel L'Aiguille Perc\u00e9e in Tignes le Lac offers traditional and authentic cuisine in a warm setting.","robots":{"index":"index","follow":"follow","max-snippet":"max-snippet:-1","max-image-preview":"max-image-preview:large","max-video-preview":"max-video-preview:-1"},"canonical":"https:\/\/aiguille-percee.com\/en\/restaurant\/","og_locale":"en_US","og_type":"article","og_title":"Aiguille Percee Hotel - the Restaurant","og_description":"The restaurant of the hotel L'Aiguille Perc\u00e9e in Tignes le Lac offers traditional and authentic cuisine in a warm setting.","og_url":"https:\/\/aiguille-percee.com\/en\/restaurant\/","og_site_name":"L&#039;Aiguille Perc\u00e9e","article_modified_time":"2025-12-26T15:44:16+00:00","twitter_card":"summary_large_image","twitter_misc":{"Est. reading time":"7 minutes"},"schema":{"@context":"https:\/\/schema.org","@graph":[{"@type":"WebPage","@id":"https:\/\/aiguille-percee.com\/en\/restaurant\/","url":"https:\/\/aiguille-percee.com\/en\/restaurant\/","name":"Aiguille Percee Hotel - the Restaurant","isPartOf":{"@id":"https:\/\/aiguille-percee.com\/en\/#website"},"datePublished":"2022-11-22T09:22:15+00:00","dateModified":"2025-12-26T15:44:16+00:00","description":"The restaurant of the hotel L'Aiguille Perc\u00e9e in Tignes le Lac offers traditional and authentic cuisine in a warm setting.","breadcrumb":{"@id":"https:\/\/aiguille-percee.com\/en\/restaurant\/#breadcrumb"},"inLanguage":"en-US","potentialAction":[{"@type":"ReadAction","target":["https:\/\/aiguille-percee.com\/en\/restaurant\/"]}]},{"@type":"BreadcrumbList","@id":"https:\/\/aiguille-percee.com\/en\/restaurant\/#breadcrumb","itemListElement":[{"@type":"ListItem","position":1,"name":"Accueil","item":"https:\/\/aiguille-percee.com\/en\/home\/"},{"@type":"ListItem","position":2,"name":"Restaurant"}]},{"@type":"WebSite","@id":"https:\/\/aiguille-percee.com\/en\/#website","url":"https:\/\/aiguille-percee.com\/en\/","name":"H\u00f4tel Aiguille Perc\u00e9e","description":"H\u00f4tel Restaurant \u00e0 Tignes","publisher":{"@id":"https:\/\/aiguille-percee.com\/en\/#organization"},"potentialAction":[{"@type":"SearchAction","target":{"@type":"EntryPoint","urlTemplate":"https:\/\/aiguille-percee.com\/en\/?s={search_term_string}"},"query-input":{"@type":"PropertyValueSpecification","valueRequired":true,"valueName":"search_term_string"}}],"inLanguage":"en-US"},{"@type":"Organization","@id":"https:\/\/aiguille-percee.com\/en\/#organization","name":"H\u00f4tel Aiguille Perc\u00e9e","url":"https:\/\/aiguille-percee.com\/en\/","logo":{"@type":"ImageObject","inLanguage":"en-US","@id":"https:\/\/aiguille-percee.com\/en\/#\/schema\/logo\/image\/","url":"https:\/\/aiguille-percee.com\/wp-content\/uploads\/2023\/01\/Logo-Aiguille-Percee.png","contentUrl":"https:\/\/aiguille-percee.com\/wp-content\/uploads\/2023\/01\/Logo-Aiguille-Percee.png","width":596,"height":332,"caption":"H\u00f4tel Aiguille Perc\u00e9e"},"image":{"@id":"https:\/\/aiguille-percee.com\/en\/#\/schema\/logo\/image\/"}}]}},"_links":{"self":[{"href":"https:\/\/aiguille-percee.com\/en\/wp-json\/wp\/v2\/pages\/1061","targetHints":{"allow":["GET"]}}],"collection":[{"href":"https:\/\/aiguille-percee.com\/en\/wp-json\/wp\/v2\/pages"}],"about":[{"href":"https:\/\/aiguille-percee.com\/en\/wp-json\/wp\/v2\/types\/page"}],"author":[{"embeddable":true,"href":"https:\/\/aiguille-percee.com\/en\/wp-json\/wp\/v2\/users\/1"}],"replies":[{"embeddable":true,"href":"https:\/\/aiguille-percee.com\/en\/wp-json\/wp\/v2\/comments?post=1061"}],"version-history":[{"count":5,"href":"https:\/\/aiguille-percee.com\/en\/wp-json\/wp\/v2\/pages\/1061\/revisions"}],"predecessor-version":[{"id":1128,"href":"https:\/\/aiguille-percee.com\/en\/wp-json\/wp\/v2\/pages\/1061\/revisions\/1128"}],"wp:attachment":[{"href":"https:\/\/aiguille-percee.com\/en\/wp-json\/wp\/v2\/media?parent=1061"}],"curies":[{"name":"wp","href":"https:\/\/api.w.org\/{rel}","templated":true}]}}